{"id":5176,"date":"2023-01-24T22:00:58","date_gmt":"2023-01-24T21:00:58","guid":{"rendered":"https:\/\/sphere.swiss\/datenschutzrichtlinie\/"},"modified":"2025-07-03T16:09:05","modified_gmt":"2025-07-03T14:09:05","slug":"datenschutzrichtlinie","status":"publish","type":"page","link":"https:\/\/sphere.swiss\/de\/datenschutzrichtlinie\/","title":{"rendered":"Datenschutzrichtlinie"},"content":{"rendered":"<p>[et_pb_section fb_built=&#8220;1&#8243; _builder_version=&#8220;4.16&#8243; global_colors_info=&#8220;{}&#8220;][et_pb_row _builder_version=&#8220;4.16&#8243; background_size=&#8220;initial&#8220; background_position=&#8220;top_left&#8220; background_repeat=&#8220;repeat&#8220; global_colors_info=&#8220;{}&#8220;][et_pb_column type=&#8220;4_4&#8243; _builder_version=&#8220;4.16&#8243; custom_padding=&#8220;|||&#8220; global_colors_info=&#8220;{}&#8220; custom_padding__hover=&#8220;|||&#8220;][et_pb_text _builder_version=&#8220;4.27.3&#8243; background_size=&#8220;initial&#8220; background_position=&#8220;top_left&#8220; background_repeat=&#8220;repeat&#8220; global_colors_info=&#8220;{}&#8220;]<\/p>\n<h1><!-- divi:heading --><strong>SPHERE Datenschutzrichtlinie<\/strong><\/h1>\n<p><strong>Generelle Informationen zur Datenverarbeitung <\/strong><\/p>\n<p>SPHERE, eine Gesellschaft mit beschr\u00e4nkter Haftung (IDE CHE-259.239.013) mit Sitz in der Route de Florissant 2, 1206 Genf, Schweiz, ist verantwortlich f\u00fcr die Verarbeitung Ihrer Daten. Hier sind die Kontaktdaten:<\/p>\n<p>Email <a href=\"mailto:contact@sphere.swiss\">contact@sphere.swiss<\/a><\/p>\n<p>Telefon +41 22 566 17 32<\/p>\n<p>&nbsp;<\/p>\n<p><strong>Welche Daten werden bei uns gespeichert und verarbeitet<\/strong><\/p>\n<p>Die Firma SPHERE hat folgenden Daten gesammelt und verarbeitet sie: Anrede, Vorname, Name, Funktion, gesch\u00e4ftliche Kontaktdaten, E-Mail-Adresse, Postanschrift, Telefonnummer, sowie die Registrierungshistorie in Bezug auf unsere Ver\u00f6ffentlichungen oder Veranstaltungen.<\/p>\n<p><strong>Quelle der Daten<\/strong><\/p>\n<p>Ihre Daten stammen aus folgenden Quellen:<\/p>\n<p>&#8211; \u00d6ffentlich zug\u00e4ngliche Quellen wie Gesch\u00e4ftsregistern, Unternehmenswebsites, kommerziellen Publikationen, dem sozialen Netzwerk LinkedIn;<\/p>\n<p>&#8211; Direkte Daten\u00fcbermittlungen an SPHERE anl\u00e4sslich der Anmeldungen an einer der Veranstaltungen;<\/p>\n<p>&#8211; Direkte Anfragen an SPHERE, um eine SPHERE-Publikation zu beziehen oder eine Einladungen zu einer Veranstaltungen zu erhalten.<\/p>\n<p><strong>Zweck und Rechtsgrundlage der Verarbeitung<\/strong><\/p>\n<p>Ihre Daten werden nur mit dem Zweck und im Umfang gesammelt und verarbeitet, wie es von SPHERE f\u00fcr die Erbringung der Dienstleistungen ben\u00f6tigt wird (siehe Allgemeine Datenschutzverordnung).<\/p>\n<p>So werden Ihre Daten gesammelt, um:<\/p>\n<p>&#8211; Ihnen Inhalte und Werbungen anzubieten, die Ihren Interessen entsprechen;<\/p>\n<p>&#8211; Ihnen den Zugang zu unseren Inhalten zu erm\u00f6glichen, ohne dass Sie sich authentifizieren m\u00fcssen;<\/p>\n<p>&#8211; Ihnen die Teilnahme an Dienstleistungen und Aktivit\u00e4ten zu erm\u00f6glichen, die von SPHERE oder unseren Partnern angeboten werden, wie z. B. Konferenzen, Veranstaltungen und Online-Umfragen;<\/p>\n<p>&#8211; die Verwaltung und Optimierung der Kundenbeziehung zu vereinfachen;<\/p>\n<p>&#8211; Ihnen Informationen \u00fcber unsere Neuigkeiten und Veranstaltungen (Newsletter, Benachrichtigungen, Einladungen und andere Ver\u00f6ffentlichungen) zukommen zu lassen, insbesondere durch E-Mail-Kampagnen und mittels sozialer Netzwerke;<\/p>\n<p>&#8211; Vorbehaltlich Ihrer Zustimmung: Um unseren Partnerunternehmen und -verb\u00e4nden zu erm\u00f6glichen, Ihnen Informationen \u00fcber deren Angebote, Neuigkeiten und Veranstaltungen (Newsletter, Einladungen und andere Ver\u00f6ffentlichungen) zukommen zu lassen;<\/p>\n<p>&#8211; Statistiken und Publikums-Messungen durchzuf\u00fchren.<\/p>\n<p>Falls die Verarbeitung Ihrer Daten f\u00fcr SPHERE unerl\u00e4sslich ist, um den\/die oben beschriebenen Zweck\/e zu erf\u00fcllen, werden anl\u00e4sslich einer Kommunikation \/Kampagne die entsprechenden Felder gekennzeichnet. W\u00fcnschen Sie dies nicht, wird Ihnen SPHERE die gew\u00fcnschten Dienstleistungen nicht zur Verf\u00fcgung stellen.<\/p>\n<p>&nbsp;<\/p>\n<p><strong>Dauer der Speicherung von Daten<\/strong><\/p>\n<p>F\u00fcr Ihre Daten wurde keine Aufbewahrungsdauer festgelegt und sie werden auf Ihre Anfrage hin gel\u00f6scht.<\/p>\n<p>&nbsp;<\/p>\n<p><strong>Empf\u00e4nger der Daten<\/strong><\/p>\n<p>Die Daten werden innerhalb des SPHERE-Teams und mit Kunden, f\u00fcr die Sie Ihre Zustimmung zur Weitergabe gegeben haben, geteilt.<\/p>\n<p>Als Verantwortlicher f\u00fcr die Datenverarbeitung kann SPHERE Ihre Daten aus ausschliesslich technischen und logistischen Gr\u00fcnden an m\u00f6gliche Unterauftragnehmer von SPHERE weitergeben (Anbieter f\u00fcr das Hosting und die Wartung der Website, Anbieter f\u00fcr die Verwaltung von Datenbanken).<\/p>\n<p>Ihre Daten k\u00f6nnen zu Zwecken der Verwaltung und Optimierung der Kundenbeziehung verwendet werden. . Ihre Daten k\u00f6nnen auch f\u00fcr die Zusendung von Informationen \u00fcber Angebote und Neuigkeiten von SPHERE verwendet werden, insbesondere durch E-Mail-Werbekampagnen in sozialen Netzwerken. Die Unternehmen der sozialen Netzwerke und die E-Mail-Routing-Anbieter k\u00f6nnen daher Ihre Daten erhalten.<\/p>\n<p>Unsere Partner f\u00fcr die Messung der Publikums-Bed\u00fcrfnisse und die Verbesserung der Werbeinhalte k\u00f6nnen Ihre Daten ebenfalls erhalten.<\/p>\n<p>Schliesslich kann SPHERE Ihre Daten an Dritte weitergeben, wenn eine solche Weitergabe durch ein Gesetz, eine Vorschrift oder eine gerichtliche Entscheidung erforderlich ist oder wenn eine solche Weitergabe zum Schutz und zur Verteidigung der Rechte von SPHERE notwendig ist.<\/p>\n<p>Die Empf\u00e4nger Ihrer Daten k\u00f6nnen sich im Ausland befinden, auch ausserhalb des Europ\u00e4ischen Wirtschaftsraums. Jede \u00dcbertragung Ihrer Daten in L\u00e4nder ausserhalb des Europ\u00e4ischen Wirtschaftsraums erfolgt mit angemessenen Garantien, einschliesslich vertraglicher Garantien, in \u00dcbereinstimmung mit den geltenden Vorschriften zum Schutz personenbezogener Daten.<\/p>\n<p>&nbsp;<\/p>\n<p><strong>Ihre Rechte<\/strong><\/p>\n<p>&#8211; Sie k\u00f6nnen jederzeit gegen die weitere Verarbeitung Ihrer Daten Widerspruch einlegen.<\/p>\n<p>&#8211; Sie k\u00f6nnen jederzeit Zugang zu all Ihren personenbezogenen Daten verlangen.<\/p>\n<p>&#8211; Sie k\u00f6nnen jederzeit die Berichtigung Ihrer personenbezogenen Daten verlangen.<\/p>\n<p>&#8211; Sie k\u00f6nnen jederzeit die L\u00f6schung Ihrer personenbezogenen Daten verlangen, sofern kein Recht oder keine rechtliche Verpflichtung des f\u00fcr die Verarbeitung Verantwortlichen die weitere Verarbeitung Ihrer personenbezogenen Daten erfordert.<\/p>\n<p>&#8211; Sie k\u00f6nnen jederzeit die Einschr\u00e4nkung der Verarbeitung Ihrer Daten verlangen.<\/p>\n<p>&#8211; Sie k\u00f6nnen jederzeit eine Beschwerde bei einer Aufsichtsbeh\u00f6rde einreichen.<\/p>\n<p>&nbsp;<\/p>\n<p>Ausserdem k\u00f6nnen Sie jederzeit verlangen, dass Sie keine Mitteilungen \u00fcber unsere Angebote, Neuigkeiten und Veranstaltungen mehr erhalten, indem Sie den daf\u00fcr vorgesehenen Hyperlink in jeder E-Mail, welches wir Ihnen zusenden, verwenden. Sie k\u00f6nnen uns auch telefonisch von Montag bis Freitag von 9.00 bis 18.00 Uhr unter der Nummer +41 22 566 17 31 oder per einfachem Brief an die Adresse SPHERE, rue Barton 7, CP 1806, 1211 Genf 1, Schweiz erreichen.<\/p>\n<p>&nbsp;<\/p>\n<p><strong>Auf der Website hinzuf\u00fcgen<\/strong><\/p>\n<p>Wir k\u00f6nnen Ihnen die M\u00f6glichkeit geben, Informationen \u00fcber unsere Dienste auf den Websites (in ihrer station\u00e4ren oder mobilen Version, einschliesslich der entsprechenden Anwendungen) und von sozialen Netzwerken (LinkedIn, Facebook, Twitter usw.) zu teilen, insbesondere durch die Verwendung von Teilen-Schaltfl\u00e4chen. Wir weisen Sie darauf hin, dass der Zugang zu diesen sozialen Netzwerken voraussetzt, dass Sie deren Vertragsbedingungen akzeptieren, die Bestimmungen zur Datenschutzverordnung f\u00fcr die von ihnen durchgef\u00fchrten Verarbeitungen enthalten, und zwar unabh\u00e4ngig von unseren Webseiten oder unserer Seiten auf sozialen Netzwerken.<\/p>\n<p>&nbsp;<\/p>\n<p>Um mehr \u00fcber den Schutz Ihrer Pers\u00f6nlichen Daten beim Surfen in diesen Sozialen Netzwerken zu erfahren, verweisen wir Sie auf deren jeweilige Datenschutzrichtlinien.<\/p>\n<p>&nbsp;<\/p>\n<p>&nbsp;<\/p>\n<p><!-- \/divi:paragraph -->[\/et_pb_text][\/et_pb_column][\/et_pb_row][\/et_pb_section][et_pb_section fb_built=&#8220;1&#8243; custom_padding_last_edited=&#8220;off|tablet&#8220; module_id=&#8220;Kontakt&#8220; _builder_version=&#8220;4.20.0&#8243; _module_preset=&#8220;default&#8220; background_color=&#8220;rgba(0,0,0,0.03)&#8220; custom_margin=&#8220;45px|||||&#8220; custom_padding=&#8220;0px|||0px||&#8220; custom_padding_tablet=&#8220;||||false|false&#8220; global_module=&#8220;5180&#8243; saved_tabs=&#8220;all&#8220; global_colors_info=&#8220;{}&#8220;][et_pb_row _builder_version=&#8220;4.20.0&#8243; _module_preset=&#8220;default&#8220; global_colors_info=&#8220;{}&#8220;][et_pb_column type=&#8220;4_4&#8243; _builder_version=&#8220;4.20.0&#8243; _module_preset=&#8220;default&#8220; global_colors_info=&#8220;{}&#8220;][et_pb_text _builder_version=&#8220;4.20.1&#8243; _module_preset=&#8220;default&#8220; text_font=&#8220;||||||||&#8220; header_font=&#8220;|600|||||||dotted&#8220; header_text_align=&#8220;left&#8220; header_text_color=&#8220;#353740&#8243; header_font_size=&#8220;51px&#8220; header_2_font=&#8220;|300|||||||&#8220; header_2_font_size=&#8220;42px&#8220; header_2_line_height=&#8220;0.8em&#8220; background_size=&#8220;initial&#8220; background_position=&#8220;top_left&#8220; background_repeat=&#8220;repeat&#8220; custom_margin=&#8220;52px||-1px||false|false&#8220; animation_style=&#8220;fade&#8220; header_font_size_last_edited=&#8220;off|desktop&#8220; locked=&#8220;off&#8220; global_colors_info=&#8220;{}&#8220;]<\/p>\n<h1>Sphere<\/h1>\n<h2>The Swiss Financial Arena<\/h2>\n<p>[\/et_pb_text][et_pb_text _builder_version=&#8220;4.27.0&#8243; _module_preset=&#8220;default&#8220; custom_margin=&#8220;33px||26px|||&#8220; global_colors_info=&#8220;{}&#8220;]<\/p>\n<h6><span style=\"color: #1a343f;\">Seit der Gr\u00fcndung im Jahr 2016 unterst\u00fctzt und vernetzt SPHERE die Community der Schweizer Finanzbranche. <\/span><span style=\"color: #1a343f;\">SPHERE erm\u00f6glicht den Austausch, sei es mit dem viertelj\u00e4hrlich erscheinenden Magazin, den beiden Sonderausgaben f\u00fcr institutionelle Anleger, der Webseite, den Newslettern und den Veranstaltungen, die das ganze Jahr hindurch durchgef\u00fchrt werden. <\/span>Somit haben alle Interessentengruppen der Finanzbranche, einer der wichtigsten Wirtschaftssektoren der Schweiz, eine Plattform, auf der sie sich austauschen, informieren und weiterentwickeln k\u00f6nnen.<\/h6>\n<p>[\/et_pb_text][\/et_pb_column][\/et_pb_row][et_pb_row column_structure=&#8220;1_3,1_3,1_3&#8243; _builder_version=&#8220;4.20.0&#8243; _module_preset=&#8220;default&#8220; global_colors_info=&#8220;{}&#8220;][et_pb_column type=&#8220;1_3&#8243; _builder_version=&#8220;4.20.0&#8243; _module_preset=&#8220;default&#8220; global_colors_info=&#8220;{}&#8220;][et_pb_image src=&#8220;https:\/\/sphere.swiss\/wp-content\/uploads\/2023\/03\/IMAGE-MEDIAKIT-COVER-768&#215;768-1.png&#8220; title_text=&#8220;IMAGE-MEDIAKIT-COVER-768&#215;768&#8243; _builder_version=&#8220;4.20.0&#8243; _module_preset=&#8220;default&#8220; width=&#8220;63%&#8220; module_alignment=&#8220;center&#8220; global_colors_info=&#8220;{}&#8220;][\/et_pb_image][et_pb_button button_url=&#8220;https:\/\/sphere.swiss\/wp-content\/uploads\/2024\/07\/Sphere_Mediakit_2024_vDE.pdf&#8220; url_new_window=&#8220;on&#8220; button_text=&#8220;Media Kit herunterladen&#8220; button_alignment=&#8220;center&#8220; _builder_version=&#8220;4.25.2&#8243; _module_preset=&#8220;default&#8220; custom_button=&#8220;on&#8220; button_text_size=&#8220;18px&#8220; button_text_color=&#8220;#FFFFFF&#8220; button_bg_color=&#8220;#031042&#8243; button_border_width=&#8220;0px&#8220; button_border_color=&#8220;#031042&#8243; button_border_radius=&#8220;13px&#8220; button_font=&#8220;|300|||||||&#8220; button_icon=&#8220;&#x22;||divi||400&#8243; button_icon_color=&#8220;#FFFFFF&#8220; global_colors_info=&#8220;{}&#8220; button_text_color__hover_enabled=&#8220;on|hover&#8220; button_text_color__hover=&#8220;#E0D0B1&#8243;][\/et_pb_button][et_pb_button button_url=&#8220;https:\/\/sphere.swiss\/wp-content\/uploads\/2023\/08\/SPHERE_EVENTS_CatalogueAgenda_2024.pdf&#8220; url_new_window=&#8220;on&#8220; button_text=&#8220;Den Veranstaltungskatalog herunterladen&#8220; button_alignment=&#8220;center&#8220; disabled_on=&#8220;on|on|on&#8220; _builder_version=&#8220;4.25.2&#8243; _module_preset=&#8220;default&#8220; custom_button=&#8220;on&#8220; button_text_size=&#8220;18px&#8220; button_text_color=&#8220;#FFFFFF&#8220; button_bg_color=&#8220;#031042&#8243; button_border_width=&#8220;0px&#8220; button_border_color=&#8220;#031042&#8243; button_border_radius=&#8220;13px&#8220; button_font=&#8220;|300|||||||&#8220; button_icon=&#8220;&#x22;||divi||400&#8243; button_icon_color=&#8220;#FFFFFF&#8220; disabled=&#8220;on&#8220; global_colors_info=&#8220;{}&#8220; button_text_color__hover_enabled=&#8220;on|hover&#8220; button_text_color__hover=&#8220;#E0D0B1&#8243;][\/et_pb_button][\/et_pb_column][et_pb_column type=&#8220;1_3&#8243; _builder_version=&#8220;4.20.0&#8243; _module_preset=&#8220;default&#8220; global_colors_info=&#8220;{}&#8220;][et_pb_text _builder_version=&#8220;4.20.0&#8243; _module_preset=&#8220;default&#8220; global_colors_info=&#8220;{}&#8220; link_text_color__hover_enabled=&#8220;on|hover&#8220; link_text_color__hover=&#8220;#031042&#8243;]<\/p>\n<p>REDAKTION<br \/><a href=\"mailto:redaction@sphere.swiss\">redaction[at]sphere.swiss<\/a><\/p>\n<p>WERBUNG<br \/><a href=\"mailto:advertise@sphere.swiss\">advertise[at]sphere.swiss<\/a><\/p>\n<p>ABONNEMENT<br \/><a href=\"mailto:contact@sphere.swiss\">contact[at]sphere.swiss<\/a><\/p>\n<p>VERANSTALTUNGEN<br \/><a href=\"mailto:events@sphere.swiss\">events[at]sphere.swiss<\/a><\/p>\n<p>[\/et_pb_text][\/et_pb_column][et_pb_column type=&#8220;1_3&#8243; _builder_version=&#8220;4.20.0&#8243; _module_preset=&#8220;default&#8220; global_colors_info=&#8220;{}&#8220;][et_pb_button button_url=&#8220;https:\/\/sphere.swiss\/de\/datenschutzrichtlinie\/&#8220; button_text=&#8220;Datenschutzrichtlinie&#8220; button_alignment=&#8220;center&#8220; _builder_version=&#8220;4.21.0&#8243; _module_preset=&#8220;default&#8220; custom_button=&#8220;on&#8220; button_text_size=&#8220;18px&#8220; button_text_color=&#8220;#FFFFFF&#8220; button_bg_color=&#8220;#031042&#8243; button_border_width=&#8220;0px&#8220; button_border_color=&#8220;#031042&#8243; button_border_radius=&#8220;13px&#8220; button_font=&#8220;|300|||||||&#8220; button_icon=&#8220;&#x22;||divi||400&#8243; button_icon_color=&#8220;#FFFFFF&#8220; global_colors_info=&#8220;{}&#8220; button_text_color__hover_enabled=&#8220;on|hover&#8220; button_text_color__hover=&#8220;#E0D0B1&#8243;][\/et_pb_button][et_pb_text _builder_version=&#8220;4.27.0&#8243; _module_preset=&#8220;default&#8220; link_text_color=&#8220;#bab893&#8243; global_colors_info=&#8220;{}&#8220; link_text_color__hover_enabled=&#8220;on|hover&#8220; link_text_color__hover=&#8220;#031042&#8243;]<\/p>\n<p><span>Route de Ch\u00eane 5<\/span><br \/><span>Case postale 1806<\/span><br \/><span>CH-1211 Gen\u00e8ve 1<\/span><\/p>\n<p><span>T <a href=\"tel:+41225661731\">+41 22 566 17 32<\/a><\/span><\/p>\n<p>[\/et_pb_text][et_pb_social_media_follow _builder_version=&#8220;4.20.0&#8243; _module_preset=&#8220;default&#8220; global_colors_info=&#8220;{}&#8220;][et_pb_social_media_follow_network social_network=&#8220;linkedin&#8220; url=&#8220;https:\/\/www.linkedin.com\/company\/sphere-publishing\/&#8220; _builder_version=&#8220;4.20.0&#8243; _module_preset=&#8220;default&#8220; background_color=&#8220;#007bb6&#8243; global_colors_info=&#8220;{}&#8220; follow_button=&#8220;off&#8220; url_new_window=&#8220;on&#8220;]linkedin[\/et_pb_social_media_follow_network][et_pb_social_media_follow_network social_network=&#8220;youtube&#8220; url=&#8220;https:\/\/www.youtube.com\/channel\/UCbuR1yloLuiBDbV3R3iyk2w&#8220; _builder_version=&#8220;4.20.0&#8243; _module_preset=&#8220;default&#8220; background_color=&#8220;#a82400&#8243; global_colors_info=&#8220;{}&#8220; follow_button=&#8220;off&#8220; url_new_window=&#8220;on&#8220;]youtube[\/et_pb_social_media_follow_network][\/et_pb_social_media_follow][et_pb_text disabled_on=&#8220;on|on|on&#8220; _builder_version=&#8220;4.27.3&#8243; _module_preset=&#8220;default&#8220; disabled=&#8220;on&#8220; global_colors_info=&#8220;{}&#8220; link_text_color__hover_enabled=&#8220;on|hover&#8220; link_text_color__hover=&#8220;#031042&#8243;]<\/p>\n<p>\u00a9 2023 Sphere Magazine<\/p>\n<p><a href=\"https:\/\/shbrands.ch\" target=\"_blank\" rel=\"noopener\">Website erstellt von Swiss House of Brands<\/a><\/p>\n<p>[\/et_pb_text][\/et_pb_column][\/et_pb_row][\/et_pb_section]<\/p>\n","protected":false},"excerpt":{"rendered":"<p>SPHERE Datenschutzrichtlinie Generelle Informationen zur Datenverarbeitung SPHERE, eine Gesellschaft mit beschr\u00e4nkter Haftung (IDE CHE-259.239.013) mit Sitz in der Route de Florissant 2, 1206 Genf, Schweiz, ist verantwortlich f\u00fcr die Verarbeitung Ihrer Daten. Hier sind die Kontaktdaten: Email contact@sphere.swiss Telefon +41 22 566 17 32 &nbsp; Welche Daten werden bei uns gespeichert und verarbeitet Die Firma [&hellip;]<\/p>\n","protected":false},"author":1,"featured_media":0,"parent":0,"menu_order":0,"comment_status":"closed","ping_status":"open","template":"","meta":{"_et_pb_use_builder":"on","_et_pb_old_content":"","_et_gb_content_width":"","_mo_disable_npp":"","footnotes":""},"class_list":["post-5176","page","type-page","status-publish","hentry"],"yoast_head":"<!-- This site is optimized with the Yoast SEO plugin v25.3.1 - https:\/\/yoast.com\/wordpress\/plugins\/seo\/ -->\n<title>Datenschutzrichtlinie - Sphere<\/title>\n<meta name=\"robots\" content=\"index, follow, max-snippet:-1, max-image-preview:large, max-video-preview:-1\" \/>\n<link rel=\"canonical\" href=\"https:\/\/sphere.swiss\/de\/datenschutzrichtlinie\/\" \/>\n<meta property=\"og:locale\" content=\"de_DE\" \/>\n<meta property=\"og:type\" content=\"article\" \/>\n<meta property=\"og:title\" content=\"Datenschutzrichtlinie - Sphere\" \/>\n<meta property=\"og:description\" content=\"SPHERE Datenschutzrichtlinie Generelle Informationen zur Datenverarbeitung SPHERE, eine Gesellschaft mit beschr\u00e4nkter Haftung (IDE CHE-259.239.013) mit Sitz in der Route de Florissant 2, 1206 Genf, Schweiz, ist verantwortlich f\u00fcr die Verarbeitung Ihrer Daten. Hier sind die Kontaktdaten: Email contact@sphere.swiss Telefon +41 22 566 17 32 &nbsp; Welche Daten werden bei uns gespeichert und verarbeitet Die Firma [&hellip;]\" \/>\n<meta property=\"og:url\" content=\"https:\/\/sphere.swiss\/de\/datenschutzrichtlinie\/\" \/>\n<meta property=\"og:site_name\" content=\"Sphere\" \/>\n<meta property=\"article:modified_time\" content=\"2025-07-03T14:09:05+00:00\" \/>\n<meta name=\"twitter:card\" content=\"summary_large_image\" \/>\n<meta name=\"twitter:label1\" content=\"Gesch\u00e4tzte Lesezeit\" \/>\n\t<meta name=\"twitter:data1\" content=\"9\u00a0Minuten\" \/>\n<script type=\"application\/ld+json\" class=\"yoast-schema-graph\">{\"@context\":\"https:\/\/schema.org\",\"@graph\":[{\"@type\":\"WebPage\",\"@id\":\"https:\/\/sphere.swiss\/de\/datenschutzrichtlinie\/\",\"url\":\"https:\/\/sphere.swiss\/de\/datenschutzrichtlinie\/\",\"name\":\"Datenschutzrichtlinie - Sphere\",\"isPartOf\":{\"@id\":\"https:\/\/sphere.swiss\/de\/#website\"},\"datePublished\":\"2023-01-24T21:00:58+00:00\",\"dateModified\":\"2025-07-03T14:09:05+00:00\",\"breadcrumb\":{\"@id\":\"https:\/\/sphere.swiss\/de\/datenschutzrichtlinie\/#breadcrumb\"},\"inLanguage\":\"de\",\"potentialAction\":[{\"@type\":\"ReadAction\",\"target\":[\"https:\/\/sphere.swiss\/de\/datenschutzrichtlinie\/\"]}]},{\"@type\":\"BreadcrumbList\",\"@id\":\"https:\/\/sphere.swiss\/de\/datenschutzrichtlinie\/#breadcrumb\",\"itemListElement\":[{\"@type\":\"ListItem\",\"position\":1,\"name\":\"Home\",\"item\":\"https:\/\/sphere.swiss\/de\/\"},{\"@type\":\"ListItem\",\"position\":2,\"name\":\"Datenschutzrichtlinie\"}]},{\"@type\":\"WebSite\",\"@id\":\"https:\/\/sphere.swiss\/de\/#website\",\"url\":\"https:\/\/sphere.swiss\/de\/\",\"name\":\"Sphere\",\"description\":\"The Swiss Financial Arena\",\"alternateName\":\"Sphere Swiss\",\"potentialAction\":[{\"@type\":\"SearchAction\",\"target\":{\"@type\":\"EntryPoint\",\"urlTemplate\":\"https:\/\/sphere.swiss\/de\/?s={search_term_string}\"},\"query-input\":{\"@type\":\"PropertyValueSpecification\",\"valueRequired\":true,\"valueName\":\"search_term_string\"}}],\"inLanguage\":\"de\"}]}<\/script>\n<!-- \/ Yoast SEO plugin. -->","yoast_head_json":{"title":"Datenschutzrichtlinie - Sphere","robots":{"index":"index","follow":"follow","max-snippet":"max-snippet:-1","max-image-preview":"max-image-preview:large","max-video-preview":"max-video-preview:-1"},"canonical":"https:\/\/sphere.swiss\/de\/datenschutzrichtlinie\/","og_locale":"de_DE","og_type":"article","og_title":"Datenschutzrichtlinie - Sphere","og_description":"SPHERE Datenschutzrichtlinie Generelle Informationen zur Datenverarbeitung SPHERE, eine Gesellschaft mit beschr\u00e4nkter Haftung (IDE CHE-259.239.013) mit Sitz in der Route de Florissant 2, 1206 Genf, Schweiz, ist verantwortlich f\u00fcr die Verarbeitung Ihrer Daten. Hier sind die Kontaktdaten: Email contact@sphere.swiss Telefon +41 22 566 17 32 &nbsp; Welche Daten werden bei uns gespeichert und verarbeitet Die Firma [&hellip;]","og_url":"https:\/\/sphere.swiss\/de\/datenschutzrichtlinie\/","og_site_name":"Sphere","article_modified_time":"2025-07-03T14:09:05+00:00","twitter_card":"summary_large_image","twitter_misc":{"Gesch\u00e4tzte Lesezeit":"9\u00a0Minuten"},"schema":{"@context":"https:\/\/schema.org","@graph":[{"@type":"WebPage","@id":"https:\/\/sphere.swiss\/de\/datenschutzrichtlinie\/","url":"https:\/\/sphere.swiss\/de\/datenschutzrichtlinie\/","name":"Datenschutzrichtlinie - Sphere","isPartOf":{"@id":"https:\/\/sphere.swiss\/de\/#website"},"datePublished":"2023-01-24T21:00:58+00:00","dateModified":"2025-07-03T14:09:05+00:00","breadcrumb":{"@id":"https:\/\/sphere.swiss\/de\/datenschutzrichtlinie\/#breadcrumb"},"inLanguage":"de","potentialAction":[{"@type":"ReadAction","target":["https:\/\/sphere.swiss\/de\/datenschutzrichtlinie\/"]}]},{"@type":"BreadcrumbList","@id":"https:\/\/sphere.swiss\/de\/datenschutzrichtlinie\/#breadcrumb","itemListElement":[{"@type":"ListItem","position":1,"name":"Home","item":"https:\/\/sphere.swiss\/de\/"},{"@type":"ListItem","position":2,"name":"Datenschutzrichtlinie"}]},{"@type":"WebSite","@id":"https:\/\/sphere.swiss\/de\/#website","url":"https:\/\/sphere.swiss\/de\/","name":"Sphere","description":"The Swiss Financial Arena","alternateName":"Sphere Swiss","potentialAction":[{"@type":"SearchAction","target":{"@type":"EntryPoint","urlTemplate":"https:\/\/sphere.swiss\/de\/?s={search_term_string}"},"query-input":{"@type":"PropertyValueSpecification","valueRequired":true,"valueName":"search_term_string"}}],"inLanguage":"de"}]}},"_links":{"self":[{"href":"https:\/\/sphere.swiss\/de\/wp-json\/wp\/v2\/pages\/5176","targetHints":{"allow":["GET"]}}],"collection":[{"href":"https:\/\/sphere.swiss\/de\/wp-json\/wp\/v2\/pages"}],"about":[{"href":"https:\/\/sphere.swiss\/de\/wp-json\/wp\/v2\/types\/page"}],"author":[{"embeddable":true,"href":"https:\/\/sphere.swiss\/de\/wp-json\/wp\/v2\/users\/1"}],"replies":[{"embeddable":true,"href":"https:\/\/sphere.swiss\/de\/wp-json\/wp\/v2\/comments?post=5176"}],"version-history":[{"count":6,"href":"https:\/\/sphere.swiss\/de\/wp-json\/wp\/v2\/pages\/5176\/revisions"}],"predecessor-version":[{"id":19396,"href":"https:\/\/sphere.swiss\/de\/wp-json\/wp\/v2\/pages\/5176\/revisions\/19396"}],"wp:attachment":[{"href":"https:\/\/sphere.swiss\/de\/wp-json\/wp\/v2\/media?parent=5176"}],"curies":[{"name":"wp","href":"https:\/\/api.w.org\/{rel}","templated":true}]}}